{"id":460,"date":"2019-09-12T21:50:00","date_gmt":"2019-09-12T19:50:00","guid":{"rendered":"http:\/\/staging.medvetico.ch\/?page_id=460"},"modified":"2021-10-12T11:20:56","modified_gmt":"2021-10-12T09:20:56","slug":"tendonizer","status":"publish","type":"page","link":"https:\/\/www.medvetico.ch\/en\/tendonizer\/","title":{"rendered":"tendonizer"},"content":{"rendered":"<div data-elementor-type=\"wp-page\" data-elementor-id=\"460\" class=\"elementor elementor-460\" data-elementor-post-type=\"page\">\n\t\t\t\t\t\t<section class=\"elementor-section elementor-top-section elementor-element elementor-element-303f4f2b elementor-section-height-min-height elementor-section-items-stretch elementor-section-stretched elementor-section-boxed elementor-section-height-default\" data-id=\"303f4f2b\" data-element_type=\"section\" data-settings=\"{&quot;background_background&quot;:&quot;classic&quot;,&quot;stretch_section&quot;:&quot;section-stretched&quot;}\">\n\t\t\t\t\t\t<div class=\"elementor-container elementor-column-gap-no\">\n\t\t\t\t\t<div class=\"elementor-column elementor-col-50 elementor-top-column elementor-element elementor-element-440b78b2\" data-id=\"440b78b2\" data-element_type=\"column\" data-settings=\"{&quot;background_background&quot;:&quot;classic&quot;}\">\n\t\t\t<div class=\"elementor-widget-wrap elementor-element-populated\">\n\t\t\t\t\t\t<div class=\"elementor-element elementor-element-26af147c elementor-widget elementor-widget-heading\" data-id=\"26af147c\" data-element_type=\"widget\" data-widget_type=\"heading.default\">\n\t\t\t\t<div class=\"elementor-widget-container\">\n\t\t\t\t\t<h2 class=\"elementor-heading-title elementor-size-default\">tendonizer<\/h2>\t\t\t\t<\/div>\n\t\t\t\t<\/div>\n\t\t\t\t\t<\/div>\n\t\t<\/div>\n\t\t\t\t<div class=\"elementor-column elementor-col-50 elementor-top-column elementor-element elementor-element-36840912\" data-id=\"36840912\" data-element_type=\"column\">\n\t\t\t<div class=\"elementor-widget-wrap elementor-element-populated\">\n\t\t\t\t\t\t<div class=\"elementor-element elementor-element-d6f8b3c elementor-widget elementor-widget-spacer\" data-id=\"d6f8b3c\" data-element_type=\"widget\" data-widget_type=\"spacer.default\">\n\t\t\t\t<div class=\"elementor-widget-container\">\n\t\t\t\t\t\t\t<div class=\"elementor-spacer\">\n\t\t\t<div class=\"elementor-spacer-inner\"><\/div>\n\t\t<\/div>\n\t\t\t\t\t\t<\/div>\n\t\t\t\t<\/div>\n\t\t\t\t\t<\/div>\n\t\t<\/div>\n\t\t\t\t\t<\/div>\n\t\t<\/section>\n\t\t\t\t<section class=\"elementor-section elementor-top-section elementor-element elementor-element-5cb6562f elementor-section-height-full elementor-section-items-stretch elementor-section-stretched elementor-section-boxed elementor-section-height-default\" data-id=\"5cb6562f\" data-element_type=\"section\" data-settings=\"{&quot;background_background&quot;:&quot;classic&quot;,&quot;stretch_section&quot;:&quot;section-stretched&quot;}\">\n\t\t\t\t\t\t<div class=\"elementor-container elementor-column-gap-no\">\n\t\t\t\t\t<div class=\"elementor-column elementor-col-33 elementor-top-column elementor-element elementor-element-7e11392\" data-id=\"7e11392\" data-element_type=\"column\">\n\t\t\t<div class=\"elementor-widget-wrap elementor-element-populated\">\n\t\t\t\t\t\t<div class=\"elementor-element elementor-element-5c7fdb33 elementor-widget elementor-widget-image\" data-id=\"5c7fdb33\" data-element_type=\"widget\" data-widget_type=\"image.default\">\n\t\t\t\t<div class=\"elementor-widget-container\">\n\t\t\t\t\t\t\t\t\t\t\t\t\t\t\t<img fetchpriority=\"high\" decoding=\"async\" width=\"478\" height=\"825\" src=\"https:\/\/www.medvetico.ch\/wp-content\/uploads\/2020\/02\/bild_tendonizer_1-1.jpg\" class=\"attachment-full size-full wp-image-912\" alt=\"\" srcset=\"https:\/\/www.medvetico.ch\/wp-content\/uploads\/2020\/02\/bild_tendonizer_1-1.jpg 478w, https:\/\/www.medvetico.ch\/wp-content\/uploads\/2020\/02\/bild_tendonizer_1-1-174x300.jpg 174w\" sizes=\"(max-width: 478px) 100vw, 478px\" \/>\t\t\t\t\t\t\t\t\t\t\t\t\t\t\t<\/div>\n\t\t\t\t<\/div>\n\t\t\t\t\t<\/div>\n\t\t<\/div>\n\t\t\t\t<div class=\"elementor-column elementor-col-33 elementor-top-column elementor-element elementor-element-310dea86\" data-id=\"310dea86\" data-element_type=\"column\">\n\t\t\t<div class=\"elementor-widget-wrap elementor-element-populated\">\n\t\t\t\t\t\t<div class=\"elementor-element elementor-element-1e0672fb elementor-widget elementor-widget-toggle\" data-id=\"1e0672fb\" data-element_type=\"widget\" data-widget_type=\"toggle.default\">\n\t\t\t\t<div class=\"elementor-widget-container\">\n\t\t\t\t\t\t\t<div class=\"elementor-toggle\">\n\t\t\t\t\t\t\t<div class=\"elementor-toggle-item\">\n\t\t\t\t\t<div id=\"elementor-tab-title-5031\" class=\"elementor-tab-title\" data-tab=\"1\" role=\"button\" aria-controls=\"elementor-tab-content-5031\" aria-expanded=\"false\">\n\t\t\t\t\t\t\t\t\t\t\t\t<span class=\"elementor-toggle-icon elementor-toggle-icon-right\" aria-hidden=\"true\">\n\t\t\t\t\t\t\t\t\t\t\t\t\t\t\t<span class=\"elementor-toggle-icon-closed\"><i class=\"fas fa-arrow-circle-right\"><\/i><\/span>\n\t\t\t\t\t\t\t\t<span class=\"elementor-toggle-icon-opened\"><i class=\"elementor-toggle-icon-opened fas fa-arrow-circle-up\"><\/i><\/span>\n\t\t\t\t\t\t\t\t\t\t\t\t\t<\/span>\n\t\t\t\t\t\t\t\t\t\t\t\t<a class=\"elementor-toggle-title\" tabindex=\"0\">Organically active sulphur compounds, including methylsulphonylmethane (MSM), are of vital importance for the development and functioning of tendons, ligaments and cartilage. <\/a>\n\t\t\t\t\t<\/div>\n\n\t\t\t\t\t<div id=\"elementor-tab-content-5031\" class=\"elementor-tab-content elementor-clearfix\" data-tab=\"1\" role=\"region\" aria-labelledby=\"elementor-tab-title-5031\"><div class=\"small_text\"><p><br \/>Ein Mangel kann in diesen Geweben zu Strukturver\u00e4nderungen und folglich zu einer verminderten Festigkeit bzw. Belastbarkeit f\u00fchren. MSM ist jedoch nicht nur f\u00fcr die Aufrechterhaltung einer intakten Funktion dieser Gewebsstrukturen wichtig, sondern beg\u00fcnstigt auch deren Regeneration nach Verletzungen infolge von Fehl- und \u00dcberlastungen.<\/p><p>Brandon\u00ae plus tendonizer enth\u00e4lt hochwertiges MSM, Glycosaminoglycane (Mucopolysaccaride) und Chondroitinsulfat f\u00fcr die Gesunderhaltung und Regeneration des Sehnen- und B\u00e4nderapparates in der daf\u00fcr notwendigen Konzentration.<\/p><ul><li>For the treatment of impaired tendon and ligament function<\/li><li>Unterst\u00fctzt den Stoffwechsel und die Regenerationsf\u00e4higkeit des Sehnen- und B\u00e4nderapparates<\/li><li>Steigert die Belastbarkeit von Sehnen und B\u00e4ndern<\/li><li>Hohe Akzeptanz und Bioverf\u00fcgbarkeit<\/li><li>Ideal zu kombinieren mit Brandon\u00ae plus arthrogard combi joint + bone oder Brandon\u00ae plus joint performer<\/li><\/ul><\/div><\/div>\n\t\t\t\t<\/div>\n\t\t\t\t\t\t\t\t<\/div>\n\t\t\t\t\t\t<\/div>\n\t\t\t\t<\/div>\n\t\t\t\t\t<\/div>\n\t\t<\/div>\n\t\t\t\t<div class=\"elementor-column elementor-col-33 elementor-top-column elementor-element elementor-element-7ddc8c19\" data-id=\"7ddc8c19\" data-element_type=\"column\">\n\t\t\t<div class=\"elementor-widget-wrap elementor-element-populated\">\n\t\t\t\t\t\t<div class=\"elementor-element elementor-element-5b58ffaa elementor-widget elementor-widget-gallery\" data-id=\"5b58ffaa\" data-element_type=\"widget\" data-settings=\"{&quot;columns&quot;:1,&quot;content_sequenced_animation&quot;:&quot;yes&quot;,&quot;columns_tablet&quot;:1,&quot;gallery_layout&quot;:&quot;masonry&quot;,&quot;lazyload&quot;:&quot;yes&quot;,&quot;columns_mobile&quot;:1,&quot;gap&quot;:{&quot;unit&quot;:&quot;px&quot;,&quot;size&quot;:10,&quot;sizes&quot;:[]},&quot;gap_tablet&quot;:{&quot;unit&quot;:&quot;px&quot;,&quot;size&quot;:10,&quot;sizes&quot;:[]},&quot;gap_mobile&quot;:{&quot;unit&quot;:&quot;px&quot;,&quot;size&quot;:10,&quot;sizes&quot;:[]},&quot;link_to&quot;:&quot;file&quot;,&quot;overlay_background&quot;:&quot;yes&quot;,&quot;content_hover_animation&quot;:&quot;fade-in&quot;}\" data-widget_type=\"gallery.default\">\n\t\t\t\t<div class=\"elementor-widget-container\">\n\t\t\t\t\t\t\t<div class=\"elementor-gallery__container\">\n\t\t\t\t\t\t\t<a class=\"e-gallery-item elementor-gallery-item elementor-animated-content\" href=\"https:\/\/www.medvetico.ch\/wp-content\/uploads\/2019\/09\/Brandonplus-Tendonizer-3D.png\" data-elementor-open-lightbox=\"yes\" data-elementor-lightbox-slideshow=\"5b58ffaa\" data-elementor-lightbox-title=\"Brandonplus-Tendonizer-3D\" data-e-action-hash=\"#elementor-action%3Aaction%3Dlightbox%26settings%3DeyJpZCI6NzI0LCJ1cmwiOiJodHRwczpcL1wvd3d3Lm1lZHZldGljby5jaFwvd3AtY29udGVudFwvdXBsb2Fkc1wvMjAxOVwvMDlcL0JyYW5kb25wbHVzLVRlbmRvbml6ZXItM0QucG5nIiwic2xpZGVzaG93IjoiNWI1OGZmYWEifQ%3D%3D\">\n\t\t\t\t\t<div class=\"e-gallery-image elementor-gallery-item__image\" data-thumbnail=\"https:\/\/www.medvetico.ch\/wp-content\/uploads\/2019\/09\/Brandonplus-Tendonizer-3D.png\" data-width=\"512\" data-height=\"898\" aria-label=\"\" role=\"img\" ><\/div>\n\t\t\t\t\t\t\t\t\t\t\t<div class=\"elementor-gallery-item__overlay\"><\/div>\n\t\t\t\t\t\t\t\t\t\t\t\t\t\t<\/a>\n\t\t\t\t\t<\/div>\n\t\t\t\t\t<\/div>\n\t\t\t\t<\/div>\n\t\t\t\t\t<\/div>\n\t\t<\/div>\n\t\t\t\t\t<\/div>\n\t\t<\/section>\n\t\t\t\t<\/div>","protected":false},"excerpt":{"rendered":"<p>tendonizer Organisch aktive Schwefelverbindungen, zu welchen auch Methysulfonylmethan (MSM) z\u00e4hlt, sind von entscheidender Bedeutung f\u00fcr den Aufbau und die Funktion von Sehnen, B\u00e4ndern und Knorpel. Ein Mangel kann in diesen Geweben zu Strukturver\u00e4nderungen und folglich zu einer verminderten Festigkeit bzw. Belastbarkeit f\u00fchren. MSM ist jedoch nicht nur f\u00fcr die Aufrechterhaltung einer intakten Funktion dieser Gewebsstrukturen [&hellip;]<\/p>\n","protected":false},"author":1,"featured_media":0,"parent":0,"menu_order":0,"comment_status":"closed","ping_status":"closed","template":"","meta":{"inline_featured_image":false,"footnotes":""},"class_list":["post-460","page","type-page","status-publish","hentry"],"_links":{"self":[{"href":"https:\/\/www.medvetico.ch\/en\/wp-json\/wp\/v2\/pages\/460","targetHints":{"allow":["GET"]}}],"collection":[{"href":"https:\/\/www.medvetico.ch\/en\/wp-json\/wp\/v2\/pages"}],"about":[{"href":"https:\/\/www.medvetico.ch\/en\/wp-json\/wp\/v2\/types\/page"}],"author":[{"embeddable":true,"href":"https:\/\/www.medvetico.ch\/en\/wp-json\/wp\/v2\/users\/1"}],"replies":[{"embeddable":true,"href":"https:\/\/www.medvetico.ch\/en\/wp-json\/wp\/v2\/comments?post=460"}],"version-history":[{"count":28,"href":"https:\/\/www.medvetico.ch\/en\/wp-json\/wp\/v2\/pages\/460\/revisions"}],"predecessor-version":[{"id":1734,"href":"https:\/\/www.medvetico.ch\/en\/wp-json\/wp\/v2\/pages\/460\/revisions\/1734"}],"wp:attachment":[{"href":"https:\/\/www.medvetico.ch\/en\/wp-json\/wp\/v2\/media?parent=460"}],"curies":[{"name":"wp","href":"https:\/\/api.w.org\/{rel}","templated":true}]}}