{"id":280,"date":"2019-09-06T14:29:00","date_gmt":"2019-09-06T12:29:00","guid":{"rendered":"http:\/\/staging.medvetico.ch\/?page_id=280"},"modified":"2021-10-12T11:19:45","modified_gmt":"2021-10-12T09:19:45","slug":"respriraticum","status":"publish","type":"page","link":"https:\/\/www.medvetico.ch\/en\/respriraticum\/","title":{"rendered":"respiraticum"},"content":{"rendered":"<div data-elementor-type=\"wp-page\" data-elementor-id=\"280\" class=\"elementor elementor-280\" data-elementor-post-type=\"page\">\n\t\t\t\t\t\t<section class=\"elementor-section elementor-top-section elementor-element elementor-element-b2ee240 elementor-section-height-min-height elementor-section-items-stretch elementor-section-stretched elementor-section-boxed elementor-section-height-default\" data-id=\"b2ee240\" data-element_type=\"section\" data-settings=\"{&quot;background_background&quot;:&quot;classic&quot;,&quot;stretch_section&quot;:&quot;section-stretched&quot;}\">\n\t\t\t\t\t\t<div class=\"elementor-container elementor-column-gap-no\">\n\t\t\t\t\t<div class=\"elementor-column elementor-col-50 elementor-top-column elementor-element elementor-element-5159d37e\" data-id=\"5159d37e\" data-element_type=\"column\" data-settings=\"{&quot;background_background&quot;:&quot;classic&quot;}\">\n\t\t\t<div class=\"elementor-widget-wrap elementor-element-populated\">\n\t\t\t\t\t\t<div class=\"elementor-element elementor-element-194443b4 elementor-widget elementor-widget-heading\" data-id=\"194443b4\" data-element_type=\"widget\" data-widget_type=\"heading.default\">\n\t\t\t\t<div class=\"elementor-widget-container\">\n\t\t\t\t\t<h2 class=\"elementor-heading-title elementor-size-default\">respiraticum<\/h2>\t\t\t\t<\/div>\n\t\t\t\t<\/div>\n\t\t\t\t\t<\/div>\n\t\t<\/div>\n\t\t\t\t<div class=\"elementor-column elementor-col-50 elementor-top-column elementor-element elementor-element-cc9118d\" data-id=\"cc9118d\" data-element_type=\"column\">\n\t\t\t<div class=\"elementor-widget-wrap elementor-element-populated\">\n\t\t\t\t\t\t<div class=\"elementor-element elementor-element-497d832b elementor-widget elementor-widget-spacer\" data-id=\"497d832b\" data-element_type=\"widget\" data-widget_type=\"spacer.default\">\n\t\t\t\t<div class=\"elementor-widget-container\">\n\t\t\t\t\t\t\t<div class=\"elementor-spacer\">\n\t\t\t<div class=\"elementor-spacer-inner\"><\/div>\n\t\t<\/div>\n\t\t\t\t\t\t<\/div>\n\t\t\t\t<\/div>\n\t\t\t\t\t<\/div>\n\t\t<\/div>\n\t\t\t\t\t<\/div>\n\t\t<\/section>\n\t\t\t\t<section class=\"elementor-section elementor-top-section elementor-element elementor-element-68cda4f5 elementor-section-height-full elementor-section-items-stretch elementor-section-stretched elementor-section-boxed elementor-section-height-default\" data-id=\"68cda4f5\" data-element_type=\"section\" data-settings=\"{&quot;background_background&quot;:&quot;classic&quot;,&quot;stretch_section&quot;:&quot;section-stretched&quot;}\">\n\t\t\t\t\t\t<div class=\"elementor-container elementor-column-gap-no\">\n\t\t\t\t\t<div class=\"elementor-column elementor-col-33 elementor-top-column elementor-element elementor-element-4e5f5d6a\" data-id=\"4e5f5d6a\" data-element_type=\"column\">\n\t\t\t<div class=\"elementor-widget-wrap elementor-element-populated\">\n\t\t\t\t\t\t<div class=\"elementor-element elementor-element-67b1f331 elementor-widget elementor-widget-image\" data-id=\"67b1f331\" data-element_type=\"widget\" data-widget_type=\"image.default\">\n\t\t\t\t<div class=\"elementor-widget-container\">\n\t\t\t\t\t\t\t\t\t\t\t\t\t\t\t<img fetchpriority=\"high\" decoding=\"async\" width=\"478\" height=\"825\" src=\"https:\/\/www.medvetico.ch\/wp-content\/uploads\/2020\/02\/bild_respiraticum_1-1.jpg\" class=\"attachment-full size-full wp-image-911\" alt=\"\" srcset=\"https:\/\/www.medvetico.ch\/wp-content\/uploads\/2020\/02\/bild_respiraticum_1-1.jpg 478w, https:\/\/www.medvetico.ch\/wp-content\/uploads\/2020\/02\/bild_respiraticum_1-1-174x300.jpg 174w\" sizes=\"(max-width: 478px) 100vw, 478px\" \/>\t\t\t\t\t\t\t\t\t\t\t\t\t\t\t<\/div>\n\t\t\t\t<\/div>\n\t\t\t\t\t<\/div>\n\t\t<\/div>\n\t\t\t\t<div class=\"elementor-column elementor-col-33 elementor-top-column elementor-element elementor-element-490f37b9\" data-id=\"490f37b9\" data-element_type=\"column\">\n\t\t\t<div class=\"elementor-widget-wrap elementor-element-populated\">\n\t\t\t\t\t\t<div class=\"elementor-element elementor-element-7ae0e68 elementor-widget elementor-widget-toggle\" data-id=\"7ae0e68\" data-element_type=\"widget\" data-widget_type=\"toggle.default\">\n\t\t\t\t<div class=\"elementor-widget-container\">\n\t\t\t\t\t\t\t<div class=\"elementor-toggle\">\n\t\t\t\t\t\t\t<div class=\"elementor-toggle-item\">\n\t\t\t\t\t<div id=\"elementor-tab-title-1281\" class=\"elementor-tab-title\" data-tab=\"1\" role=\"button\" aria-controls=\"elementor-tab-content-1281\" aria-expanded=\"false\">\n\t\t\t\t\t\t\t\t\t\t\t\t<span class=\"elementor-toggle-icon elementor-toggle-icon-right\" aria-hidden=\"true\">\n\t\t\t\t\t\t\t\t\t\t\t\t\t\t\t<span class=\"elementor-toggle-icon-closed\"><i class=\"fas fa-arrow-circle-right\"><\/i><\/span>\n\t\t\t\t\t\t\t\t<span class=\"elementor-toggle-icon-opened\"><i class=\"elementor-toggle-icon-opened fas fa-arrow-circle-up\"><\/i><\/span>\n\t\t\t\t\t\t\t\t\t\t\t\t\t<\/span>\n\t\t\t\t\t\t\t\t\t\t\t\t<a class=\"elementor-toggle-title\" tabindex=\"0\">Die akute oder chronische Sensibilit\u00e4t der Atemwege geht h\u00e4ufig mit einer \u00fcberm\u00e4\u00dfigen Bildung von Sekret und einer Reizung der Atemwege einher. <\/a>\n\t\t\t\t\t<\/div>\n\n\t\t\t\t\t<div id=\"elementor-tab-content-1281\" class=\"elementor-tab-content elementor-clearfix\" data-tab=\"1\" role=\"region\" aria-labelledby=\"elementor-tab-title-1281\"><div class=\"small_text\"><p><br \/>In der Folge k\u00f6nnen diese Ver\u00e4nderungen zu dauerhaften Atemwegsbeschwerden und erschwerter Atmung f\u00fchren. Brandon\u00ae plus respiraticum unterst\u00fctzt nutritiv die Wiederherstellung der Atemwegsfunktion durch die Kombination von ProbioMED\u00ae (funktionelle Zellbausteine) mit speziellen Vitalkr\u00e4utern (Funktionsn\u00e4hrstoffe). ProbioMED\u00ae f\u00f6rdert einerseits die lokale Immunantwort und die Regeneration der Atemwegsschleimhaut, anderseits die Absorption der Wirkstoffe der Vitalkr\u00e4uter im Darm. Wertvolle sekund\u00e4re Pflanzenstoffe wirken gegen reizende Prozesse in den Atemwegen, sind schleiml\u00f6send und sch\u00fctzen vor Sch\u00e4den durch Sauerstoffradikale. Au\u00dferdem werden die Abwehrkr\u00e4fte durch den hohen Gehalt an nat\u00fcrlichen Mineralien, Vitaminen und Aminos\u00e4uren der Braunalge noch zus\u00e4tzlich unterst\u00fctzt.<\/p><ul><li>Bei Atemwegsproblemen zur nutritiven Unterst\u00fctzung des Immunsystems<\/li><li>Bei erh\u00f6hter Belastung des Immunsystems durch Stallwechsel<\/li><li>Expectorant<\/li><li>For regeneration of the respiratory mucous membranes<\/li><li>Reich an pflanzlichen Vitalstoffen und Braunalgenextrakt<\/li><li>Angereichert mit ProbioMED\u00ae (funktionelle Zellbausteine)<\/li><\/ul><\/div><\/div>\n\t\t\t\t<\/div>\n\t\t\t\t\t\t\t\t<\/div>\n\t\t\t\t\t\t<\/div>\n\t\t\t\t<\/div>\n\t\t\t\t\t<\/div>\n\t\t<\/div>\n\t\t\t\t<div class=\"elementor-column elementor-col-33 elementor-top-column elementor-element elementor-element-1cd69357\" data-id=\"1cd69357\" data-element_type=\"column\">\n\t\t\t<div class=\"elementor-widget-wrap elementor-element-populated\">\n\t\t\t\t\t\t<div class=\"elementor-element elementor-element-31ef9614 elementor-widget elementor-widget-gallery\" data-id=\"31ef9614\" data-element_type=\"widget\" data-settings=\"{&quot;columns&quot;:1,&quot;aspect_ratio&quot;:&quot;1:1&quot;,&quot;content_sequenced_animation&quot;:&quot;yes&quot;,&quot;columns_tablet&quot;:1,&quot;lazyload&quot;:&quot;yes&quot;,&quot;gallery_layout&quot;:&quot;grid&quot;,&quot;columns_mobile&quot;:1,&quot;gap&quot;:{&quot;unit&quot;:&quot;px&quot;,&quot;size&quot;:10,&quot;sizes&quot;:[]},&quot;gap_tablet&quot;:{&quot;unit&quot;:&quot;px&quot;,&quot;size&quot;:10,&quot;sizes&quot;:[]},&quot;gap_mobile&quot;:{&quot;unit&quot;:&quot;px&quot;,&quot;size&quot;:10,&quot;sizes&quot;:[]},&quot;link_to&quot;:&quot;file&quot;,&quot;overlay_background&quot;:&quot;yes&quot;,&quot;content_hover_animation&quot;:&quot;fade-in&quot;}\" data-widget_type=\"gallery.default\">\n\t\t\t\t<div class=\"elementor-widget-container\">\n\t\t\t\t\t\t\t<div class=\"elementor-gallery__container\">\n\t\t\t\t\t\t\t<a class=\"e-gallery-item elementor-gallery-item elementor-animated-content\" href=\"https:\/\/www.medvetico.ch\/wp-content\/uploads\/2021\/10\/Respiraticum.png\" data-elementor-open-lightbox=\"yes\" data-elementor-lightbox-slideshow=\"31ef9614\" data-elementor-lightbox-title=\"Respiraticum\" data-e-action-hash=\"#elementor-action%3Aaction%3Dlightbox%26settings%3DeyJpZCI6MTY3NiwidXJsIjoiaHR0cHM6XC9cL3d3dy5tZWR2ZXRpY28uY2hcL3dwLWNvbnRlbnRcL3VwbG9hZHNcLzIwMjFcLzEwXC9SZXNwaXJhdGljdW0ucG5nIiwic2xpZGVzaG93IjoiMzFlZjk2MTQifQ%3D%3D\">\n\t\t\t\t\t<div class=\"e-gallery-image elementor-gallery-item__image\" data-thumbnail=\"https:\/\/www.medvetico.ch\/wp-content\/uploads\/2021\/10\/Respiraticum.png\" data-width=\"1280\" data-height=\"1024\" aria-label=\"\" role=\"img\" ><\/div>\n\t\t\t\t\t\t\t\t\t\t\t<div class=\"elementor-gallery-item__overlay\"><\/div>\n\t\t\t\t\t\t\t\t\t\t\t\t\t\t<\/a>\n\t\t\t\t\t<\/div>\n\t\t\t\t\t<\/div>\n\t\t\t\t<\/div>\n\t\t\t\t\t<\/div>\n\t\t<\/div>\n\t\t\t\t\t<\/div>\n\t\t<\/section>\n\t\t\t\t<\/div>","protected":false},"excerpt":{"rendered":"<p>respiraticum Die akute oder chronische Sensibilit\u00e4t der Atemwege geht h\u00e4ufig mit einer \u00fcberm\u00e4\u00dfigen Bildung von Sekret und einer Reizung der Atemwege einher. In der Folge k\u00f6nnen diese Ver\u00e4nderungen zu dauerhaften Atemwegsbeschwerden und erschwerter Atmung f\u00fchren. Brandon\u00ae plus respiraticum unterst\u00fctzt nutritiv die Wiederherstellung der Atemwegsfunktion durch die Kombination von ProbioMED\u00ae (funktionelle Zellbausteine) mit speziellen Vitalkr\u00e4utern (Funktionsn\u00e4hrstoffe). [&hellip;]<\/p>\n","protected":false},"author":1,"featured_media":0,"parent":0,"menu_order":0,"comment_status":"closed","ping_status":"closed","template":"","meta":{"inline_featured_image":false,"footnotes":""},"class_list":["post-280","page","type-page","status-publish","hentry"],"_links":{"self":[{"href":"https:\/\/www.medvetico.ch\/en\/wp-json\/wp\/v2\/pages\/280","targetHints":{"allow":["GET"]}}],"collection":[{"href":"https:\/\/www.medvetico.ch\/en\/wp-json\/wp\/v2\/pages"}],"about":[{"href":"https:\/\/www.medvetico.ch\/en\/wp-json\/wp\/v2\/types\/page"}],"author":[{"embeddable":true,"href":"https:\/\/www.medvetico.ch\/en\/wp-json\/wp\/v2\/users\/1"}],"replies":[{"embeddable":true,"href":"https:\/\/www.medvetico.ch\/en\/wp-json\/wp\/v2\/comments?post=280"}],"version-history":[{"count":28,"href":"https:\/\/www.medvetico.ch\/en\/wp-json\/wp\/v2\/pages\/280\/revisions"}],"predecessor-version":[{"id":1731,"href":"https:\/\/www.medvetico.ch\/en\/wp-json\/wp\/v2\/pages\/280\/revisions\/1731"}],"wp:attachment":[{"href":"https:\/\/www.medvetico.ch\/en\/wp-json\/wp\/v2\/media?parent=280"}],"curies":[{"name":"wp","href":"https:\/\/api.w.org\/{rel}","templated":true}]}}