{"id":264,"date":"2019-09-06T14:27:07","date_gmt":"2019-09-06T12:27:07","guid":{"rendered":"http:\/\/staging.medvetico.ch\/?page_id=264"},"modified":"2021-10-12T10:09:58","modified_gmt":"2021-10-12T08:09:58","slug":"arthrogard-combi","status":"publish","type":"page","link":"https:\/\/www.medvetico.ch\/en\/arthrogard-combi\/","title":{"rendered":"arthrogard combi joint + bone"},"content":{"rendered":"<div data-elementor-type=\"wp-page\" data-elementor-id=\"264\" class=\"elementor elementor-264\" data-elementor-post-type=\"page\">\n\t\t\t\t\t\t<section class=\"elementor-section elementor-top-section elementor-element elementor-element-daef6d4 elementor-section-height-min-height elementor-section-items-stretch elementor-section-stretched elementor-section-boxed elementor-section-height-default\" data-id=\"daef6d4\" data-element_type=\"section\" data-settings=\"{&quot;background_background&quot;:&quot;classic&quot;,&quot;stretch_section&quot;:&quot;section-stretched&quot;}\">\n\t\t\t\t\t\t<div class=\"elementor-container elementor-column-gap-no\">\n\t\t\t\t\t<div class=\"elementor-column elementor-col-50 elementor-top-column elementor-element elementor-element-7de73f78\" data-id=\"7de73f78\" data-element_type=\"column\" data-settings=\"{&quot;background_background&quot;:&quot;classic&quot;}\">\n\t\t\t<div class=\"elementor-widget-wrap elementor-element-populated\">\n\t\t\t\t\t\t<div class=\"elementor-element elementor-element-7aba7971 elementor-widget elementor-widget-heading\" data-id=\"7aba7971\" data-element_type=\"widget\" data-widget_type=\"heading.default\">\n\t\t\t\t<div class=\"elementor-widget-container\">\n\t\t\t\t\t<h2 class=\"elementor-heading-title elementor-size-default\">arthrogard combi joint + bone<\/h2>\t\t\t\t<\/div>\n\t\t\t\t<\/div>\n\t\t\t\t\t<\/div>\n\t\t<\/div>\n\t\t\t\t<div class=\"elementor-column elementor-col-50 elementor-top-column elementor-element elementor-element-12d259c0\" data-id=\"12d259c0\" data-element_type=\"column\">\n\t\t\t<div class=\"elementor-widget-wrap elementor-element-populated\">\n\t\t\t\t\t\t<div class=\"elementor-element elementor-element-5426a547 elementor-widget elementor-widget-spacer\" data-id=\"5426a547\" data-element_type=\"widget\" data-widget_type=\"spacer.default\">\n\t\t\t\t<div class=\"elementor-widget-container\">\n\t\t\t\t\t\t\t<div class=\"elementor-spacer\">\n\t\t\t<div class=\"elementor-spacer-inner\"><\/div>\n\t\t<\/div>\n\t\t\t\t\t\t<\/div>\n\t\t\t\t<\/div>\n\t\t\t\t\t<\/div>\n\t\t<\/div>\n\t\t\t\t\t<\/div>\n\t\t<\/section>\n\t\t\t\t<section class=\"elementor-section elementor-top-section elementor-element elementor-element-5237b5e6 elementor-section-height-full elementor-section-items-stretch elementor-section-stretched elementor-section-boxed elementor-section-height-default\" data-id=\"5237b5e6\" data-element_type=\"section\" data-settings=\"{&quot;background_background&quot;:&quot;classic&quot;,&quot;stretch_section&quot;:&quot;section-stretched&quot;}\">\n\t\t\t\t\t\t<div class=\"elementor-container elementor-column-gap-no\">\n\t\t\t\t\t<div class=\"elementor-column elementor-col-33 elementor-top-column elementor-element elementor-element-7584e794\" data-id=\"7584e794\" data-element_type=\"column\">\n\t\t\t<div class=\"elementor-widget-wrap elementor-element-populated\">\n\t\t\t\t\t\t<div class=\"elementor-element elementor-element-1597f15b elementor-widget elementor-widget-image\" data-id=\"1597f15b\" data-element_type=\"widget\" data-widget_type=\"image.default\">\n\t\t\t\t<div class=\"elementor-widget-container\">\n\t\t\t\t\t\t\t\t\t\t\t\t\t\t\t<img fetchpriority=\"high\" decoding=\"async\" width=\"478\" height=\"825\" src=\"https:\/\/www.medvetico.ch\/wp-content\/uploads\/2020\/02\/bild_arthrogard_jb_1-1.jpg\" class=\"attachment-full size-full wp-image-904\" alt=\"\" srcset=\"https:\/\/www.medvetico.ch\/wp-content\/uploads\/2020\/02\/bild_arthrogard_jb_1-1.jpg 478w, https:\/\/www.medvetico.ch\/wp-content\/uploads\/2020\/02\/bild_arthrogard_jb_1-1-174x300.jpg 174w\" sizes=\"(max-width: 478px) 100vw, 478px\" \/>\t\t\t\t\t\t\t\t\t\t\t\t\t\t\t<\/div>\n\t\t\t\t<\/div>\n\t\t\t\t\t<\/div>\n\t\t<\/div>\n\t\t\t\t<div class=\"elementor-column elementor-col-33 elementor-top-column elementor-element elementor-element-700a906d\" data-id=\"700a906d\" data-element_type=\"column\">\n\t\t\t<div class=\"elementor-widget-wrap elementor-element-populated\">\n\t\t\t\t\t\t<div class=\"elementor-element elementor-element-21101a93 elementor-widget elementor-widget-toggle\" data-id=\"21101a93\" data-element_type=\"widget\" data-widget_type=\"toggle.default\">\n\t\t\t\t<div class=\"elementor-widget-container\">\n\t\t\t\t\t\t\t<div class=\"elementor-toggle\">\n\t\t\t\t\t\t\t<div class=\"elementor-toggle-item\">\n\t\t\t\t\t<div id=\"elementor-tab-title-5541\" class=\"elementor-tab-title\" data-tab=\"1\" role=\"button\" aria-controls=\"elementor-tab-content-5541\" aria-expanded=\"false\">\n\t\t\t\t\t\t\t\t\t\t\t\t<span class=\"elementor-toggle-icon elementor-toggle-icon-right\" aria-hidden=\"true\">\n\t\t\t\t\t\t\t\t\t\t\t\t\t\t\t<span class=\"elementor-toggle-icon-closed\"><i class=\"fas fa-arrow-circle-right\"><\/i><\/span>\n\t\t\t\t\t\t\t\t<span class=\"elementor-toggle-icon-opened\"><i class=\"elementor-toggle-icon-opened fas fa-arrow-circle-up\"><\/i><\/span>\n\t\t\t\t\t\t\t\t\t\t\t\t\t<\/span>\n\t\t\t\t\t\t\t\t\t\t\t\t<a class=\"elementor-toggle-title\" tabindex=\"0\">Brandon\u00ae plus arthrogard combi joint + bone setzt sich aus einer einzigartigen Kombination von ProbioMED\u00ae (PSB\u00ae-Komplexe, \u03b2-Glucane, niedermolekulare bioaktive Peptide, nat\u00fcrlichen synbiotische Substanzen und Biochar), hochwertigen Glycosaminoglycanen (Mucopolysaccharide) aus qualit\u00e4tsgepr\u00fcftem und wirksamkeitszertifiziertem Extrakt der neuseel\u00e4ndischen Gr\u00fcnlippmuschel, Chondroitinsulfat, Methylsulfonylmethan (MSM), Hyalurons\u00e4ure und Peptidkollagenen zusammen. <\/a>\n\t\t\t\t\t<\/div>\n\n\t\t\t\t\t<div id=\"elementor-tab-content-5541\" class=\"elementor-tab-content elementor-clearfix\" data-tab=\"1\" role=\"region\" aria-labelledby=\"elementor-tab-title-5541\"><div class=\"small_text\"><p><br \/>Sie liefern dem K\u00f6rper die richtigen Ausgangstoffe, um gleicherma\u00dfen die Gesunderhaltung der Gelenke, Sehnen und B\u00e4nder zu unterst\u00fctzen und deren Regeneration zu f\u00f6rdern. Die Wiederherstellung und Aufrechterhaltung der Funktionsf\u00e4higkeit dieser Gewebsstrukturen wird zus\u00e4tzlich durch die nutritive Wirkung von organischem Silicium aus Ackerschachtelhalm und Seealgenextrakten und hochwertigen Proteinquellen aus Erbsen und Spirulina-Algen unterst\u00fctzt. Zus\u00e4tzlich sch\u00fctzen nat\u00fcrliche Antioxidantien, wie sekund\u00e4re Pflanzenstoffe aus Traubenkernen, Vitamin E und Omega-3- Fetts\u00e4uren aus Leinsamen sowie Muschelextrakt die Gewebszellen vor einer Sch\u00e4digung durch freie Sauerstoffradikale.<\/p><ul><li>F\u00f6rdert den gesunden Stoffwechsel der Gelenke, Sehnen und B\u00e4nder<\/li><li>Unterst\u00fctzt die Regeneration, Belastbarkeit und Elastizit\u00e4t bei Gelenk- und Knochenproblemen<\/li><li>Bei altersbedingten Verschlei\u00dferscheinungen des Bewegungsapparates<\/li><li>F\u00fcr Sportpferde mit erh\u00f6hten Trainingsanforderungen<\/li><li>F\u00f6rdert die Knochenentwicklung bei Pferden im Wachstum<\/li><li>Einzigartige Kombination von qualit\u00e4tsgepr\u00fcftem und wirksamkeitszertifiziertem Extrakt aus gefriergetrockneten Neuseel\u00e4ndischen Gr\u00fcnlippmuscheln (Biolane\u00ae), Kollagenpeptiden und ProbioMED\u00ae<\/li><li>Ideal zu kombinieren mit Brandon\u00ae plus tendonizer oder Brandon\u00ae plus joint performer<\/li><\/ul><\/div><\/div>\n\t\t\t\t<\/div>\n\t\t\t\t\t\t\t\t<\/div>\n\t\t\t\t\t\t<\/div>\n\t\t\t\t<\/div>\n\t\t\t\t\t<\/div>\n\t\t<\/div>\n\t\t\t\t<div class=\"elementor-column elementor-col-33 elementor-top-column elementor-element elementor-element-51824c4c\" data-id=\"51824c4c\" data-element_type=\"column\">\n\t\t\t<div class=\"elementor-widget-wrap elementor-element-populated\">\n\t\t\t\t\t\t<div class=\"elementor-element elementor-element-189549eb elementor-widget elementor-widget-gallery\" data-id=\"189549eb\" data-element_type=\"widget\" data-settings=\"{&quot;columns&quot;:1,&quot;aspect_ratio&quot;:&quot;1:1&quot;,&quot;content_sequenced_animation&quot;:&quot;yes&quot;,&quot;columns_tablet&quot;:1,&quot;lazyload&quot;:&quot;yes&quot;,&quot;gallery_layout&quot;:&quot;grid&quot;,&quot;columns_mobile&quot;:1,&quot;gap&quot;:{&quot;unit&quot;:&quot;px&quot;,&quot;size&quot;:10,&quot;sizes&quot;:[]},&quot;gap_tablet&quot;:{&quot;unit&quot;:&quot;px&quot;,&quot;size&quot;:10,&quot;sizes&quot;:[]},&quot;gap_mobile&quot;:{&quot;unit&quot;:&quot;px&quot;,&quot;size&quot;:10,&quot;sizes&quot;:[]},&quot;link_to&quot;:&quot;file&quot;,&quot;overlay_background&quot;:&quot;yes&quot;,&quot;content_hover_animation&quot;:&quot;fade-in&quot;}\" data-widget_type=\"gallery.default\">\n\t\t\t\t<div class=\"elementor-widget-container\">\n\t\t\t\t\t\t\t<div class=\"elementor-gallery__container\">\n\t\t\t\t\t\t\t<a class=\"e-gallery-item elementor-gallery-item elementor-animated-content\" href=\"https:\/\/www.medvetico.ch\/wp-content\/uploads\/2021\/10\/Arthrogard-Kombi.png\" data-elementor-open-lightbox=\"yes\" data-elementor-lightbox-slideshow=\"189549eb\" data-elementor-lightbox-title=\"Arthrogard-Kombi\" data-e-action-hash=\"#elementor-action%3Aaction%3Dlightbox%26settings%3DeyJpZCI6MTY2MiwidXJsIjoiaHR0cHM6XC9cL3d3dy5tZWR2ZXRpY28uY2hcL3dwLWNvbnRlbnRcL3VwbG9hZHNcLzIwMjFcLzEwXC9BcnRocm9nYXJkLUtvbWJpLnBuZyIsInNsaWRlc2hvdyI6IjE4OTU0OWViIn0%3D\">\n\t\t\t\t\t<div class=\"e-gallery-image elementor-gallery-item__image\" data-thumbnail=\"https:\/\/www.medvetico.ch\/wp-content\/uploads\/2021\/10\/Arthrogard-Kombi.png\" data-width=\"1280\" data-height=\"1024\" aria-label=\"\" role=\"img\" ><\/div>\n\t\t\t\t\t\t\t\t\t\t\t<div class=\"elementor-gallery-item__overlay\"><\/div>\n\t\t\t\t\t\t\t\t\t\t\t\t\t\t<\/a>\n\t\t\t\t\t<\/div>\n\t\t\t\t\t<\/div>\n\t\t\t\t<\/div>\n\t\t\t\t\t<\/div>\n\t\t<\/div>\n\t\t\t\t\t<\/div>\n\t\t<\/section>\n\t\t\t\t<\/div>","protected":false},"excerpt":{"rendered":"<p>arthrogard combi joint + bone Brandon\u00ae plus arthrogard combi joint + bone setzt sich aus einer einzigartigen Kombination von ProbioMED\u00ae (PSB\u00ae-Komplexe, \u03b2-Glucane, niedermolekulare bioaktive Peptide, nat\u00fcrlichen synbiotische Substanzen und Biochar), hochwertigen Glycosaminoglycanen (Mucopolysaccharide) aus qualit\u00e4tsgepr\u00fcftem und wirksamkeitszertifiziertem Extrakt der neuseel\u00e4ndischen Gr\u00fcnlippmuschel, Chondroitinsulfat, Methylsulfonylmethan (MSM), Hyalurons\u00e4ure und Peptidkollagenen zusammen. Sie liefern dem K\u00f6rper die richtigen Ausgangstoffe, [&hellip;]<\/p>\n","protected":false},"author":1,"featured_media":0,"parent":0,"menu_order":0,"comment_status":"closed","ping_status":"closed","template":"","meta":{"inline_featured_image":false,"footnotes":""},"class_list":["post-264","page","type-page","status-publish","hentry"],"_links":{"self":[{"href":"https:\/\/www.medvetico.ch\/en\/wp-json\/wp\/v2\/pages\/264","targetHints":{"allow":["GET"]}}],"collection":[{"href":"https:\/\/www.medvetico.ch\/en\/wp-json\/wp\/v2\/pages"}],"about":[{"href":"https:\/\/www.medvetico.ch\/en\/wp-json\/wp\/v2\/types\/page"}],"author":[{"embeddable":true,"href":"https:\/\/www.medvetico.ch\/en\/wp-json\/wp\/v2\/users\/1"}],"replies":[{"embeddable":true,"href":"https:\/\/www.medvetico.ch\/en\/wp-json\/wp\/v2\/comments?post=264"}],"version-history":[{"count":69,"href":"https:\/\/www.medvetico.ch\/en\/wp-json\/wp\/v2\/pages\/264\/revisions"}],"predecessor-version":[{"id":1695,"href":"https:\/\/www.medvetico.ch\/en\/wp-json\/wp\/v2\/pages\/264\/revisions\/1695"}],"wp:attachment":[{"href":"https:\/\/www.medvetico.ch\/en\/wp-json\/wp\/v2\/media?parent=264"}],"curies":[{"name":"wp","href":"https:\/\/api.w.org\/{rel}","templated":true}]}}