{"id":1138,"date":"2020-05-06T14:22:33","date_gmt":"2020-05-06T12:22:33","guid":{"rendered":"http:\/\/staging.medvetico.ch\/?page_id=1138"},"modified":"2020-09-18T20:49:44","modified_gmt":"2020-09-18T18:49:44","slug":"ernaehrungskonzepte","status":"publish","type":"page","link":"https:\/\/www.medvetico.ch\/en\/ernaehrungskonzepte\/","title":{"rendered":"ern\u00e4hrungskonzepte"},"content":{"rendered":"<div data-elementor-type=\"wp-page\" data-elementor-id=\"1138\" class=\"elementor elementor-1138\" data-elementor-post-type=\"page\">\n\t\t\t\t\t\t<section class=\"elementor-section elementor-top-section elementor-element elementor-element-3d5ed205 elementor-section-height-min-height elementor-section-items-stretch elementor-section-boxed elementor-section-height-default\" data-id=\"3d5ed205\" data-element_type=\"section\" data-settings=\"{&quot;background_background&quot;:&quot;classic&quot;}\">\n\t\t\t\t\t\t<div class=\"elementor-container elementor-column-gap-no\">\n\t\t\t\t\t<div class=\"elementor-column elementor-col-50 elementor-top-column elementor-element elementor-element-457f18c3\" data-id=\"457f18c3\" data-element_type=\"column\" data-settings=\"{&quot;background_background&quot;:&quot;classic&quot;}\">\n\t\t\t<div class=\"elementor-widget-wrap elementor-element-populated\">\n\t\t\t\t\t\t<div class=\"elementor-element elementor-element-5f051802 elementor-widget elementor-widget-heading\" data-id=\"5f051802\" data-element_type=\"widget\" data-widget_type=\"heading.default\">\n\t\t\t\t<div class=\"elementor-widget-container\">\n\t\t\t\t\t<h2 class=\"elementor-heading-title elementor-size-default\">ern\u00e4hrungskonzepte<\/h2>\t\t\t\t<\/div>\n\t\t\t\t<\/div>\n\t\t\t\t\t<\/div>\n\t\t<\/div>\n\t\t\t\t<div class=\"elementor-column elementor-col-50 elementor-top-column elementor-element elementor-element-3ad0c8aa\" data-id=\"3ad0c8aa\" data-element_type=\"column\">\n\t\t\t<div class=\"elementor-widget-wrap elementor-element-populated\">\n\t\t\t\t\t\t<div class=\"elementor-element elementor-element-58ed97a2 elementor-widget elementor-widget-spacer\" data-id=\"58ed97a2\" data-element_type=\"widget\" data-widget_type=\"spacer.default\">\n\t\t\t\t<div class=\"elementor-widget-container\">\n\t\t\t\t\t\t\t<div class=\"elementor-spacer\">\n\t\t\t<div class=\"elementor-spacer-inner\"><\/div>\n\t\t<\/div>\n\t\t\t\t\t\t<\/div>\n\t\t\t\t<\/div>\n\t\t\t\t\t<\/div>\n\t\t<\/div>\n\t\t\t\t\t<\/div>\n\t\t<\/section>\n\t\t\t\t<section class=\"elementor-section elementor-top-section elementor-element elementor-element-13be2d90 elementor-section-height-full elementor-section-items-stretch elementor-section-boxed elementor-section-height-default\" data-id=\"13be2d90\" data-element_type=\"section\" data-settings=\"{&quot;background_background&quot;:&quot;classic&quot;}\">\n\t\t\t\t\t\t<div class=\"elementor-container elementor-column-gap-no\">\n\t\t\t\t\t<div class=\"elementor-column elementor-col-33 elementor-top-column elementor-element elementor-element-5f52d433\" data-id=\"5f52d433\" data-element_type=\"column\">\n\t\t\t<div class=\"elementor-widget-wrap elementor-element-populated\">\n\t\t\t\t\t\t<div class=\"elementor-element elementor-element-3c3eca6 elementor-widget elementor-widget-image\" data-id=\"3c3eca6\" data-element_type=\"widget\" data-widget_type=\"image.default\">\n\t\t\t\t<div class=\"elementor-widget-container\">\n\t\t\t\t\t\t\t\t\t\t\t\t\t\t\t<img fetchpriority=\"high\" decoding=\"async\" width=\"800\" height=\"800\" src=\"https:\/\/www.medvetico.ch\/wp-content\/uploads\/2020\/05\/regenrein_Zeichenfl\u00e4che-1.svg\" class=\"attachment-large size-large wp-image-1165\" alt=\"\" \/>\t\t\t\t\t\t\t\t\t\t\t\t\t\t\t<\/div>\n\t\t\t\t<\/div>\n\t\t\t\t\t<\/div>\n\t\t<\/div>\n\t\t\t\t<div class=\"elementor-column elementor-col-66 elementor-top-column elementor-element elementor-element-5c1ad52\" data-id=\"5c1ad52\" data-element_type=\"column\">\n\t\t\t<div class=\"elementor-widget-wrap elementor-element-populated\">\n\t\t\t\t\t\t<div class=\"elementor-element elementor-element-ea11a67 elementor-widget elementor-widget-heading\" data-id=\"ea11a67\" data-element_type=\"widget\" data-widget_type=\"heading.default\">\n\t\t\t\t<div class=\"elementor-widget-container\">\n\t\t\t\t\t<h2 class=\"elementor-heading-title elementor-size-default\">Zur nachhaltigen Reinigung und Regeneration des Magen-Darm-Trakts<\/h2>\t\t\t\t<\/div>\n\t\t\t\t<\/div>\n\t\t\t\t<div class=\"elementor-element elementor-element-99ec5bc elementor-widget elementor-widget-text-editor\" data-id=\"99ec5bc\" data-element_type=\"widget\" data-widget_type=\"text-editor.default\">\n\t\t\t\t<div class=\"elementor-widget-container\">\n\t\t\t\t\t\t\t\t\t<p>Ein gesunder Magen-Darm-Trakt tr\u00e4gt ma\u00dfgeblich zur Gesunderhaltung des gesamten Organismus bei. Doch nur bei intakter Schleimhaut und gesunder, ausgewogener Darmflora kann der Verdauungstrakt und das darm-assoziierte Abwehrsystem die komplexen Aufgaben optimal bew\u00e4ltigen.\u00a0<\/p><p>Im Leben eines Pferdes k\u00f6nnen immer wieder Situationen entstehen, in welchen es zu einer Mehrbelastung des Magen-Darm-Trakt mit mehr oder weniger schweren Folgen f\u00fcr den restlichen Organismus kommen kann. Eine zunehmende Schadstoffbelastung kann einer der Gr\u00fcnde f\u00fcr eine Beeintr\u00e4chtigung des Verdauungssystems sein. So nimmt z.B. das Risiko einer vermehrten Mykotoxinbelastung mit fortschreitender Weidesaison zu. Mykotoxine sind Stoffwechselprodukte von Pilzen, die mit Gr\u00e4sern eine symbiotische Verbindung eingehen, um das Fortbestehen beider zu sichern. Die Gr\u00e4ser werden widerstandsf\u00e4higer, indem sie durch Mykotoxine vor (Fress-) Sch\u00e4dlingen gesch\u00fctzt sind und versorgen im Gegenzug dazu die Pilze mit N\u00e4hrstoffen. Die Leidtragenden sind die Pferde, die das mit Mykotoxin belastete Gras fressen. Kotwasser oder erh\u00f6hte Leberwerte k\u00f6nnen die Folge davon sein.<\/p><p>Aber auch Krankheit, Geburt, Stress oder erh\u00f6hte Leistungsanforderungen k\u00f6nnen st\u00f6rende Auswirkungen auf Verdauungsvorg\u00e4nge und folglich auf andere Organsysteme haben.<\/p><p>Verw\u00f6hnen Sie Ihr Pferd einmal im Jahr, indem Sie den Magen-Darm-Trakt reinigen, entschlacken und die Regeneration der gesamten Schleimh\u00e4ute unterst\u00fctzen. Neueste wissenschaftliche Ergebnisse zeigen eindr\u00fccklich, dass eine solche Anwendung bzw. einzelne Komponenten davon die hoch komplexe Zusammensetzung des Mikrobioms (Darmflora, Stoffwechselverbindungen) und die Verdauungsabl\u00e4ufe positiv beeinflussen.<\/p>\t\t\t\t\t\t\t\t<\/div>\n\t\t\t\t<\/div>\n\t\t\t\t<div class=\"elementor-element elementor-element-43cf934 elementor-tablet-align-left elementor-widget elementor-widget-button\" data-id=\"43cf934\" data-element_type=\"widget\" data-widget_type=\"button.default\">\n\t\t\t\t<div class=\"elementor-widget-container\">\n\t\t\t\t\t\t\t\t\t<div class=\"elementor-button-wrapper\">\n\t\t\t\t\t<a class=\"elementor-button elementor-button-link elementor-size-sm\" href=\"https:\/\/www.medvetico.ch\/wp-content\/uploads\/2020\/05\/Brandonplus-Regenrein-Flyer-2019-De-Def-Web.pdf\" target=\"_blank\">\n\t\t\t\t\t\t<span class=\"elementor-button-content-wrapper\">\n\t\t\t\t\t\t\t\t\t<span class=\"elementor-button-text\">Mehr Infos<\/span>\n\t\t\t\t\t<\/span>\n\t\t\t\t\t<\/a>\n\t\t\t\t<\/div>\n\t\t\t\t\t\t\t\t<\/div>\n\t\t\t\t<\/div>\n\t\t\t\t\t<\/div>\n\t\t<\/div>\n\t\t\t\t\t<\/div>\n\t\t<\/section>\n\t\t\t\t<\/div>","protected":false},"excerpt":{"rendered":"<p>ern\u00e4hrungskonzepte Zur nachhaltigen Reinigung und Regeneration des Magen-Darm-Trakts Ein gesunder Magen-Darm-Trakt tr\u00e4gt ma\u00dfgeblich zur Gesunderhaltung des gesamten Organismus bei. Doch nur bei intakter Schleimhaut und gesunder, ausgewogener Darmflora kann der Verdauungstrakt und das darm-assoziierte Abwehrsystem die komplexen Aufgaben optimal bew\u00e4ltigen.\u00a0 Im Leben eines Pferdes k\u00f6nnen immer wieder Situationen entstehen, in welchen es zu einer Mehrbelastung [&hellip;]<\/p>\n","protected":false},"author":1,"featured_media":0,"parent":0,"menu_order":0,"comment_status":"closed","ping_status":"closed","template":"","meta":{"inline_featured_image":false,"footnotes":""},"class_list":["post-1138","page","type-page","status-publish","hentry"],"_links":{"self":[{"href":"https:\/\/www.medvetico.ch\/en\/wp-json\/wp\/v2\/pages\/1138","targetHints":{"allow":["GET"]}}],"collection":[{"href":"https:\/\/www.medvetico.ch\/en\/wp-json\/wp\/v2\/pages"}],"about":[{"href":"https:\/\/www.medvetico.ch\/en\/wp-json\/wp\/v2\/types\/page"}],"author":[{"embeddable":true,"href":"https:\/\/www.medvetico.ch\/en\/wp-json\/wp\/v2\/users\/1"}],"replies":[{"embeddable":true,"href":"https:\/\/www.medvetico.ch\/en\/wp-json\/wp\/v2\/comments?post=1138"}],"version-history":[{"count":40,"href":"https:\/\/www.medvetico.ch\/en\/wp-json\/wp\/v2\/pages\/1138\/revisions"}],"predecessor-version":[{"id":1555,"href":"https:\/\/www.medvetico.ch\/en\/wp-json\/wp\/v2\/pages\/1138\/revisions\/1555"}],"wp:attachment":[{"href":"https:\/\/www.medvetico.ch\/en\/wp-json\/wp\/v2\/media?parent=1138"}],"curies":[{"name":"wp","href":"https:\/\/api.w.org\/{rel}","templated":true}]}}