{"id":1123,"date":"2020-05-06T11:06:54","date_gmt":"2020-05-06T09:06:54","guid":{"rendered":"http:\/\/staging.medvetico.ch\/?page_id=1123"},"modified":"2021-10-12T11:30:26","modified_gmt":"2021-10-12T09:30:26","slug":"powercell-mangan","status":"publish","type":"page","link":"https:\/\/www.medvetico.ch\/en\/powercell-mangan\/","title":{"rendered":"powercell mangan"},"content":{"rendered":"<div data-elementor-type=\"wp-page\" data-elementor-id=\"1123\" class=\"elementor elementor-1123\" data-elementor-post-type=\"page\">\n\t\t\t\t\t\t<section class=\"elementor-section elementor-top-section elementor-element elementor-element-7d522baf elementor-section-height-min-height elementor-section-items-stretch elementor-section-stretched elementor-section-boxed elementor-section-height-default\" data-id=\"7d522baf\" data-element_type=\"section\" data-settings=\"{&quot;background_background&quot;:&quot;classic&quot;,&quot;stretch_section&quot;:&quot;section-stretched&quot;}\">\n\t\t\t\t\t\t<div class=\"elementor-container elementor-column-gap-no\">\n\t\t\t\t\t<div class=\"elementor-column elementor-col-50 elementor-top-column elementor-element elementor-element-7c53022c\" data-id=\"7c53022c\" data-element_type=\"column\" data-settings=\"{&quot;background_background&quot;:&quot;classic&quot;}\">\n\t\t\t<div class=\"elementor-widget-wrap elementor-element-populated\">\n\t\t\t\t\t\t<div class=\"elementor-element elementor-element-64982b7f elementor-widget elementor-widget-heading\" data-id=\"64982b7f\" data-element_type=\"widget\" data-widget_type=\"heading.default\">\n\t\t\t\t<div class=\"elementor-widget-container\">\n\t\t\t\t\t<h2 class=\"elementor-heading-title elementor-size-default\">powercell mangan<\/h2>\t\t\t\t<\/div>\n\t\t\t\t<\/div>\n\t\t\t\t\t<\/div>\n\t\t<\/div>\n\t\t\t\t<div class=\"elementor-column elementor-col-50 elementor-top-column elementor-element elementor-element-d7903d5\" data-id=\"d7903d5\" data-element_type=\"column\">\n\t\t\t<div class=\"elementor-widget-wrap elementor-element-populated\">\n\t\t\t\t\t\t<div class=\"elementor-element elementor-element-61dd8c51 elementor-widget elementor-widget-spacer\" data-id=\"61dd8c51\" data-element_type=\"widget\" data-widget_type=\"spacer.default\">\n\t\t\t\t<div class=\"elementor-widget-container\">\n\t\t\t\t\t\t\t<div class=\"elementor-spacer\">\n\t\t\t<div class=\"elementor-spacer-inner\"><\/div>\n\t\t<\/div>\n\t\t\t\t\t\t<\/div>\n\t\t\t\t<\/div>\n\t\t\t\t\t<\/div>\n\t\t<\/div>\n\t\t\t\t\t<\/div>\n\t\t<\/section>\n\t\t\t\t<section class=\"elementor-section elementor-top-section elementor-element elementor-element-7b52dbf8 elementor-section-height-full elementor-section-items-stretch elementor-section-stretched elementor-section-boxed elementor-section-height-default\" data-id=\"7b52dbf8\" data-element_type=\"section\" data-settings=\"{&quot;background_background&quot;:&quot;classic&quot;,&quot;stretch_section&quot;:&quot;section-stretched&quot;}\">\n\t\t\t\t\t\t<div class=\"elementor-container elementor-column-gap-no\">\n\t\t\t\t\t<div class=\"elementor-column elementor-col-33 elementor-top-column elementor-element elementor-element-43eb16d6\" data-id=\"43eb16d6\" data-element_type=\"column\">\n\t\t\t<div class=\"elementor-widget-wrap elementor-element-populated\">\n\t\t\t\t\t\t<div class=\"elementor-element elementor-element-4cebb013 elementor-widget elementor-widget-image\" data-id=\"4cebb013\" data-element_type=\"widget\" data-widget_type=\"image.default\">\n\t\t\t\t<div class=\"elementor-widget-container\">\n\t\t\t\t\t\t\t\t\t\t\t\t\t\t\t<img fetchpriority=\"high\" decoding=\"async\" width=\"478\" height=\"825\" src=\"https:\/\/www.medvetico.ch\/wp-content\/uploads\/2019\/09\/bild-2-1.jpg\" class=\"attachment-full size-full wp-image-233\" alt=\"\" srcset=\"https:\/\/www.medvetico.ch\/wp-content\/uploads\/2019\/09\/bild-2-1.jpg 478w, https:\/\/www.medvetico.ch\/wp-content\/uploads\/2019\/09\/bild-2-1-174x300.jpg 174w\" sizes=\"(max-width: 478px) 100vw, 478px\" \/>\t\t\t\t\t\t\t\t\t\t\t\t\t\t\t<\/div>\n\t\t\t\t<\/div>\n\t\t\t\t\t<\/div>\n\t\t<\/div>\n\t\t\t\t<div class=\"elementor-column elementor-col-33 elementor-top-column elementor-element elementor-element-5828dfbf\" data-id=\"5828dfbf\" data-element_type=\"column\">\n\t\t\t<div class=\"elementor-widget-wrap elementor-element-populated\">\n\t\t\t\t\t\t<div class=\"elementor-element elementor-element-32eaec3e elementor-widget elementor-widget-toggle\" data-id=\"32eaec3e\" data-element_type=\"widget\" data-widget_type=\"toggle.default\">\n\t\t\t\t<div class=\"elementor-widget-container\">\n\t\t\t\t\t\t\t<div class=\"elementor-toggle\">\n\t\t\t\t\t\t\t<div class=\"elementor-toggle-item\">\n\t\t\t\t\t<div id=\"elementor-tab-title-8541\" class=\"elementor-tab-title\" data-tab=\"1\" role=\"button\" aria-controls=\"elementor-tab-content-8541\" aria-expanded=\"false\">\n\t\t\t\t\t\t\t\t\t\t\t\t<span class=\"elementor-toggle-icon elementor-toggle-icon-right\" aria-hidden=\"true\">\n\t\t\t\t\t\t\t\t\t\t\t\t\t\t\t<span class=\"elementor-toggle-icon-closed\"><i class=\"fas fa-arrow-circle-right\"><\/i><\/span>\n\t\t\t\t\t\t\t\t<span class=\"elementor-toggle-icon-opened\"><i class=\"elementor-toggle-icon-opened fas fa-arrow-circle-up\"><\/i><\/span>\n\t\t\t\t\t\t\t\t\t\t\t\t\t<\/span>\n\t\t\t\t\t\t\t\t\t\t\t\t<a class=\"elementor-toggle-title\" tabindex=\"0\">Mangan spielt eine wichtige Rolle als Co-Faktor vieler enzymatischer Reaktionen im Mineral-, im Fettstoff und Muskelstoffwechsel.<\/a>\n\t\t\t\t\t<\/div>\n\n\t\t\t\t\t<div id=\"elementor-tab-content-8541\" class=\"elementor-tab-content elementor-clearfix\" data-tab=\"1\" role=\"region\" aria-labelledby=\"elementor-tab-title-8541\"><div class=\"small_text\"><p><br \/>Au\u00dferdem beeinflusst das\u00a0Spurenelement die Fruchtbarkeit und ist wichtig fu\u0308r den Knochen- und Knorpelaufbau.\u00a0Aufgrund der hohen Bioverfu\u0308gbarkeit der enthaltenen Manganverbindungen\u00a0und der Kombination mit PSB\u00ae-Komplexen, die eine vergr\u00f6\u00dferte Absorptionsfl\u00e4che\u00a0im Darm bewirken, eignet sich Brandon\u00ae plus powercell mangan zum\u00a0schnellen und verl\u00e4sslichen, nutritiven Ausgleich eines Manganmangels.<\/p><ul><li>Bei Problemen der Knochen- und Zahnbildung<\/li><li>Bei St\u00f6rungen der Knorpelsynthese<\/li><li>Bei Muskelproblemen<\/li><li>Bei St\u00f6rungen der Fruchtbarkeit<\/li><\/ul><\/div><\/div>\n\t\t\t\t<\/div>\n\t\t\t\t\t\t\t\t<\/div>\n\t\t\t\t\t\t<\/div>\n\t\t\t\t<\/div>\n\t\t\t\t\t<\/div>\n\t\t<\/div>\n\t\t\t\t<div class=\"elementor-column elementor-col-33 elementor-top-column elementor-element elementor-element-429c4418\" data-id=\"429c4418\" data-element_type=\"column\">\n\t\t\t<div class=\"elementor-widget-wrap elementor-element-populated\">\n\t\t\t\t\t\t<div class=\"elementor-element elementor-element-664e30ee elementor-widget elementor-widget-gallery\" data-id=\"664e30ee\" data-element_type=\"widget\" data-settings=\"{&quot;columns&quot;:1,&quot;aspect_ratio&quot;:&quot;1:1&quot;,&quot;content_sequenced_animation&quot;:&quot;yes&quot;,&quot;columns_tablet&quot;:1,&quot;lazyload&quot;:&quot;yes&quot;,&quot;gallery_layout&quot;:&quot;grid&quot;,&quot;columns_mobile&quot;:1,&quot;gap&quot;:{&quot;unit&quot;:&quot;px&quot;,&quot;size&quot;:10,&quot;sizes&quot;:[]},&quot;gap_tablet&quot;:{&quot;unit&quot;:&quot;px&quot;,&quot;size&quot;:10,&quot;sizes&quot;:[]},&quot;gap_mobile&quot;:{&quot;unit&quot;:&quot;px&quot;,&quot;size&quot;:10,&quot;sizes&quot;:[]},&quot;link_to&quot;:&quot;file&quot;,&quot;overlay_background&quot;:&quot;yes&quot;,&quot;content_hover_animation&quot;:&quot;fade-in&quot;}\" data-widget_type=\"gallery.default\">\n\t\t\t\t<div class=\"elementor-widget-container\">\n\t\t\t\t\t\t\t<div class=\"elementor-gallery__container\">\n\t\t\t\t\t\t\t<a class=\"e-gallery-item elementor-gallery-item elementor-animated-content\" href=\"https:\/\/www.medvetico.ch\/wp-content\/uploads\/2021\/10\/Powercell-Mangan.png\" data-elementor-open-lightbox=\"yes\" data-elementor-lightbox-slideshow=\"664e30ee\" data-elementor-lightbox-title=\"Powercell-Mangan\" data-e-action-hash=\"#elementor-action%3Aaction%3Dlightbox%26settings%3DeyJpZCI6MTY3MywidXJsIjoiaHR0cHM6XC9cL3d3dy5tZWR2ZXRpY28uY2hcL3dwLWNvbnRlbnRcL3VwbG9hZHNcLzIwMjFcLzEwXC9Qb3dlcmNlbGwtTWFuZ2FuLnBuZyIsInNsaWRlc2hvdyI6IjY2NGUzMGVlIn0%3D\">\n\t\t\t\t\t<div class=\"e-gallery-image elementor-gallery-item__image\" data-thumbnail=\"https:\/\/www.medvetico.ch\/wp-content\/uploads\/2021\/10\/Powercell-Mangan.png\" data-width=\"1280\" data-height=\"1024\" aria-label=\"\" role=\"img\" ><\/div>\n\t\t\t\t\t\t\t\t\t\t\t<div class=\"elementor-gallery-item__overlay\"><\/div>\n\t\t\t\t\t\t\t\t\t\t\t\t\t\t<\/a>\n\t\t\t\t\t<\/div>\n\t\t\t\t\t<\/div>\n\t\t\t\t<\/div>\n\t\t\t\t\t<\/div>\n\t\t<\/div>\n\t\t\t\t\t<\/div>\n\t\t<\/section>\n\t\t\t\t<\/div>","protected":false},"excerpt":{"rendered":"<p>powercell mangan Mangan spielt eine wichtige Rolle als Co-Faktor vieler enzymatischer Reaktionen im Mineral-, im Fettstoff und Muskelstoffwechsel. Au\u00dferdem beeinflusst das\u00a0Spurenelement die Fruchtbarkeit und ist wichtig fu\u0308r den Knochen- und Knorpelaufbau.\u00a0Aufgrund der hohen Bioverfu\u0308gbarkeit der enthaltenen Manganverbindungen\u00a0und der Kombination mit PSB\u00ae-Komplexen, die eine vergr\u00f6\u00dferte Absorptionsfl\u00e4che\u00a0im Darm bewirken, eignet sich Brandon\u00ae plus powercell mangan zum\u00a0schnellen und [&hellip;]<\/p>\n","protected":false},"author":1,"featured_media":0,"parent":0,"menu_order":0,"comment_status":"closed","ping_status":"closed","template":"","meta":{"inline_featured_image":false,"footnotes":""},"class_list":["post-1123","page","type-page","status-publish","hentry"],"_links":{"self":[{"href":"https:\/\/www.medvetico.ch\/en\/wp-json\/wp\/v2\/pages\/1123","targetHints":{"allow":["GET"]}}],"collection":[{"href":"https:\/\/www.medvetico.ch\/en\/wp-json\/wp\/v2\/pages"}],"about":[{"href":"https:\/\/www.medvetico.ch\/en\/wp-json\/wp\/v2\/types\/page"}],"author":[{"embeddable":true,"href":"https:\/\/www.medvetico.ch\/en\/wp-json\/wp\/v2\/users\/1"}],"replies":[{"embeddable":true,"href":"https:\/\/www.medvetico.ch\/en\/wp-json\/wp\/v2\/comments?post=1123"}],"version-history":[{"count":13,"href":"https:\/\/www.medvetico.ch\/en\/wp-json\/wp\/v2\/pages\/1123\/revisions"}],"predecessor-version":[{"id":1764,"href":"https:\/\/www.medvetico.ch\/en\/wp-json\/wp\/v2\/pages\/1123\/revisions\/1764"}],"wp:attachment":[{"href":"https:\/\/www.medvetico.ch\/en\/wp-json\/wp\/v2\/media?parent=1123"}],"curies":[{"name":"wp","href":"https:\/\/api.w.org\/{rel}","templated":true}]}}