{"id":1099,"date":"2020-04-30T15:44:24","date_gmt":"2020-04-30T13:44:24","guid":{"rendered":"http:\/\/staging.medvetico.ch\/?page_id=1099"},"modified":"2021-10-12T11:31:27","modified_gmt":"2021-10-12T09:31:27","slug":"powercell","status":"publish","type":"page","link":"https:\/\/www.medvetico.ch\/en\/powercell\/","title":{"rendered":"powercell zink"},"content":{"rendered":"<div data-elementor-type=\"wp-page\" data-elementor-id=\"1099\" class=\"elementor elementor-1099\" data-elementor-post-type=\"page\">\n\t\t\t\t\t\t<section class=\"elementor-section elementor-top-section elementor-element elementor-element-1f8e4947 elementor-section-height-min-height elementor-section-items-stretch elementor-section-stretched elementor-section-boxed elementor-section-height-default\" data-id=\"1f8e4947\" data-element_type=\"section\" data-settings=\"{&quot;background_background&quot;:&quot;classic&quot;,&quot;stretch_section&quot;:&quot;section-stretched&quot;}\">\n\t\t\t\t\t\t<div class=\"elementor-container elementor-column-gap-no\">\n\t\t\t\t\t<div class=\"elementor-column elementor-col-50 elementor-top-column elementor-element elementor-element-630988a\" data-id=\"630988a\" data-element_type=\"column\" data-settings=\"{&quot;background_background&quot;:&quot;classic&quot;}\">\n\t\t\t<div class=\"elementor-widget-wrap elementor-element-populated\">\n\t\t\t\t\t\t<div class=\"elementor-element elementor-element-71d6d3ee elementor-widget elementor-widget-heading\" data-id=\"71d6d3ee\" data-element_type=\"widget\" data-widget_type=\"heading.default\">\n\t\t\t\t<div class=\"elementor-widget-container\">\n\t\t\t\t\t<h2 class=\"elementor-heading-title elementor-size-default\">powercell zink<\/h2>\t\t\t\t<\/div>\n\t\t\t\t<\/div>\n\t\t\t\t\t<\/div>\n\t\t<\/div>\n\t\t\t\t<div class=\"elementor-column elementor-col-50 elementor-top-column elementor-element elementor-element-3ff76ffb\" data-id=\"3ff76ffb\" data-element_type=\"column\">\n\t\t\t<div class=\"elementor-widget-wrap elementor-element-populated\">\n\t\t\t\t\t\t<div class=\"elementor-element elementor-element-723d6041 elementor-widget elementor-widget-spacer\" data-id=\"723d6041\" data-element_type=\"widget\" data-widget_type=\"spacer.default\">\n\t\t\t\t<div class=\"elementor-widget-container\">\n\t\t\t\t\t\t\t<div class=\"elementor-spacer\">\n\t\t\t<div class=\"elementor-spacer-inner\"><\/div>\n\t\t<\/div>\n\t\t\t\t\t\t<\/div>\n\t\t\t\t<\/div>\n\t\t\t\t\t<\/div>\n\t\t<\/div>\n\t\t\t\t\t<\/div>\n\t\t<\/section>\n\t\t\t\t<section class=\"elementor-section elementor-top-section elementor-element elementor-element-7c656146 elementor-section-height-full elementor-section-items-stretch elementor-section-stretched elementor-section-boxed elementor-section-height-default\" data-id=\"7c656146\" data-element_type=\"section\" data-settings=\"{&quot;background_background&quot;:&quot;classic&quot;,&quot;stretch_section&quot;:&quot;section-stretched&quot;}\">\n\t\t\t\t\t\t<div class=\"elementor-container elementor-column-gap-no\">\n\t\t\t\t\t<div class=\"elementor-column elementor-col-33 elementor-top-column elementor-element elementor-element-36bc4e07\" data-id=\"36bc4e07\" data-element_type=\"column\">\n\t\t\t<div class=\"elementor-widget-wrap elementor-element-populated\">\n\t\t\t\t\t\t<div class=\"elementor-element elementor-element-2c447ff2 elementor-widget elementor-widget-image\" data-id=\"2c447ff2\" data-element_type=\"widget\" data-widget_type=\"image.default\">\n\t\t\t\t<div class=\"elementor-widget-container\">\n\t\t\t\t\t\t\t\t\t\t\t\t\t\t\t<img fetchpriority=\"high\" decoding=\"async\" width=\"478\" height=\"825\" src=\"https:\/\/www.medvetico.ch\/wp-content\/uploads\/2019\/09\/bild-2-1.jpg\" class=\"attachment-full size-full wp-image-233\" alt=\"\" srcset=\"https:\/\/www.medvetico.ch\/wp-content\/uploads\/2019\/09\/bild-2-1.jpg 478w, https:\/\/www.medvetico.ch\/wp-content\/uploads\/2019\/09\/bild-2-1-174x300.jpg 174w\" sizes=\"(max-width: 478px) 100vw, 478px\" \/>\t\t\t\t\t\t\t\t\t\t\t\t\t\t\t<\/div>\n\t\t\t\t<\/div>\n\t\t\t\t\t<\/div>\n\t\t<\/div>\n\t\t\t\t<div class=\"elementor-column elementor-col-33 elementor-top-column elementor-element elementor-element-d1212\" data-id=\"d1212\" data-element_type=\"column\">\n\t\t\t<div class=\"elementor-widget-wrap elementor-element-populated\">\n\t\t\t\t\t\t<div class=\"elementor-element elementor-element-697750a8 elementor-widget elementor-widget-toggle\" data-id=\"697750a8\" data-element_type=\"widget\" data-widget_type=\"toggle.default\">\n\t\t\t\t<div class=\"elementor-widget-container\">\n\t\t\t\t\t\t\t<div class=\"elementor-toggle\">\n\t\t\t\t\t\t\t<div class=\"elementor-toggle-item\">\n\t\t\t\t\t<div id=\"elementor-tab-title-1761\" class=\"elementor-tab-title\" data-tab=\"1\" role=\"button\" aria-controls=\"elementor-tab-content-1761\" aria-expanded=\"false\">\n\t\t\t\t\t\t\t\t\t\t\t\t<span class=\"elementor-toggle-icon elementor-toggle-icon-right\" aria-hidden=\"true\">\n\t\t\t\t\t\t\t\t\t\t\t\t\t\t\t<span class=\"elementor-toggle-icon-closed\"><i class=\"fas fa-arrow-circle-right\"><\/i><\/span>\n\t\t\t\t\t\t\t\t<span class=\"elementor-toggle-icon-opened\"><i class=\"elementor-toggle-icon-opened fas fa-arrow-circle-up\"><\/i><\/span>\n\t\t\t\t\t\t\t\t\t\t\t\t\t<\/span>\n\t\t\t\t\t\t\t\t\t\t\t\t<a class=\"elementor-toggle-title\" tabindex=\"0\">Zink ist Bestandteil wichtiger Enzyme, die bei zahlreichen Stoffwechselvorg\u00e4ngen und bei antioxidativen Reaktionen beteiligt sind.<\/a>\n\t\t\t\t\t<\/div>\n\n\t\t\t\t\t<div id=\"elementor-tab-content-1761\" class=\"elementor-tab-content elementor-clearfix\" data-tab=\"1\" role=\"region\" aria-labelledby=\"elementor-tab-title-1761\"><div class=\"small_text\"><p><br \/>Weitere biologische Funktionen\u00a0betreffen das Abwehrsystem, die Strukturerhaltung der Erbsubstanz und die Zellteilung.\u00a0Daraus ergibt sich eine wertvolle nutritive Erg\u00e4nzung zu den PSB\u00ae- Komplexen\u00a0(funktionellen Zellbausteinen), die u. a. die Neusynthese von Abwehrzellen\u00a0beschleunigen, da diese Zellen nicht zur Eigensynthese von Nukleotiden\u00a0(Zellbausteinen) f\u00e4hig sind. Zink spielt auch eine bedeutende Rolle beim Verhornungsprozess\u00a0und ist deshalb mitverantwortlich fu\u0308r die Gesunderhaltung und\u00a0Regenerationsf\u00e4higkeit von Horn, Haut und Haaren.<\/p><p>Aufgrund der hohen Bioverfu\u0308gbarkeit der enthaltenen Zinkverbindungen und\u00a0der Kombination mit PSB\u00ae-Komplexen, die eine vergr\u00f6\u00dferte Absorptionsfl\u00e4che\u00a0im Darm bewirken, eignet sich Brandon\u00ae plus powercell zink zum schnellen und\u00a0verl\u00e4sslichen, nutritiven Ausgleich eines Zinkmangels.<\/p><ul><li>Bei Hautver\u00e4nderungen, die mit Haarausfall, trockener und\u00a0schuppiger Haut und Juckreiz einhergehen<\/li><li>Unterstu\u0308tzt die Regeneration der Haut<\/li><li>Bei Fellproblemen und gro\u00dffl\u00e4chigen Irritationen der Haut<\/li><li>Zur St\u00e4rkung des Immunsystems<\/li><li>Bei schlechter Hornqualit\u00e4t<\/li><\/ul><\/div><\/div>\n\t\t\t\t<\/div>\n\t\t\t\t\t\t\t\t<\/div>\n\t\t\t\t\t\t<\/div>\n\t\t\t\t<\/div>\n\t\t\t\t\t<\/div>\n\t\t<\/div>\n\t\t\t\t<div class=\"elementor-column elementor-col-33 elementor-top-column elementor-element elementor-element-12580eef\" data-id=\"12580eef\" data-element_type=\"column\">\n\t\t\t<div class=\"elementor-widget-wrap elementor-element-populated\">\n\t\t\t\t\t\t<div class=\"elementor-element elementor-element-3a9dab11 elementor-widget elementor-widget-gallery\" data-id=\"3a9dab11\" data-element_type=\"widget\" data-settings=\"{&quot;columns&quot;:1,&quot;aspect_ratio&quot;:&quot;1:1&quot;,&quot;content_sequenced_animation&quot;:&quot;yes&quot;,&quot;columns_tablet&quot;:1,&quot;lazyload&quot;:&quot;yes&quot;,&quot;gallery_layout&quot;:&quot;grid&quot;,&quot;columns_mobile&quot;:1,&quot;gap&quot;:{&quot;unit&quot;:&quot;px&quot;,&quot;size&quot;:10,&quot;sizes&quot;:[]},&quot;gap_tablet&quot;:{&quot;unit&quot;:&quot;px&quot;,&quot;size&quot;:10,&quot;sizes&quot;:[]},&quot;gap_mobile&quot;:{&quot;unit&quot;:&quot;px&quot;,&quot;size&quot;:10,&quot;sizes&quot;:[]},&quot;link_to&quot;:&quot;file&quot;,&quot;overlay_background&quot;:&quot;yes&quot;,&quot;content_hover_animation&quot;:&quot;fade-in&quot;}\" data-widget_type=\"gallery.default\">\n\t\t\t\t<div class=\"elementor-widget-container\">\n\t\t\t\t\t\t\t<div class=\"elementor-gallery__container\">\n\t\t\t\t\t\t\t<a class=\"e-gallery-item elementor-gallery-item elementor-animated-content\" href=\"https:\/\/www.medvetico.ch\/wp-content\/uploads\/2021\/10\/Powercell-Zink.png\" data-elementor-open-lightbox=\"yes\" data-elementor-lightbox-slideshow=\"3a9dab11\" data-elementor-lightbox-title=\"Powercell-Zink\" data-e-action-hash=\"#elementor-action%3Aaction%3Dlightbox%26settings%3DeyJpZCI6MTY3NSwidXJsIjoiaHR0cHM6XC9cL3d3dy5tZWR2ZXRpY28uY2hcL3dwLWNvbnRlbnRcL3VwbG9hZHNcLzIwMjFcLzEwXC9Qb3dlcmNlbGwtWmluay5wbmciLCJzbGlkZXNob3ciOiIzYTlkYWIxMSJ9\">\n\t\t\t\t\t<div class=\"e-gallery-image elementor-gallery-item__image\" data-thumbnail=\"https:\/\/www.medvetico.ch\/wp-content\/uploads\/2021\/10\/Powercell-Zink.png\" data-width=\"1280\" data-height=\"1024\" aria-label=\"\" role=\"img\" ><\/div>\n\t\t\t\t\t\t\t\t\t\t\t<div class=\"elementor-gallery-item__overlay\"><\/div>\n\t\t\t\t\t\t\t\t\t\t\t\t\t\t<\/a>\n\t\t\t\t\t<\/div>\n\t\t\t\t\t<\/div>\n\t\t\t\t<\/div>\n\t\t\t\t\t<\/div>\n\t\t<\/div>\n\t\t\t\t\t<\/div>\n\t\t<\/section>\n\t\t\t\t<\/div>","protected":false},"excerpt":{"rendered":"<p>powercell zink Zink ist Bestandteil wichtiger Enzyme, die bei zahlreichen Stoffwechselvorg\u00e4ngen und bei antioxidativen Reaktionen beteiligt sind. Weitere biologische Funktionen\u00a0betreffen das Abwehrsystem, die Strukturerhaltung der Erbsubstanz und die Zellteilung.\u00a0Daraus ergibt sich eine wertvolle nutritive Erg\u00e4nzung zu den PSB\u00ae- Komplexen\u00a0(funktionellen Zellbausteinen), die u. a. die Neusynthese von Abwehrzellen\u00a0beschleunigen, da diese Zellen nicht zur Eigensynthese von Nukleotiden\u00a0(Zellbausteinen) [&hellip;]<\/p>\n","protected":false},"author":1,"featured_media":0,"parent":0,"menu_order":0,"comment_status":"closed","ping_status":"closed","template":"","meta":{"inline_featured_image":false,"footnotes":""},"class_list":["post-1099","page","type-page","status-publish","hentry"],"_links":{"self":[{"href":"https:\/\/www.medvetico.ch\/en\/wp-json\/wp\/v2\/pages\/1099","targetHints":{"allow":["GET"]}}],"collection":[{"href":"https:\/\/www.medvetico.ch\/en\/wp-json\/wp\/v2\/pages"}],"about":[{"href":"https:\/\/www.medvetico.ch\/en\/wp-json\/wp\/v2\/types\/page"}],"author":[{"embeddable":true,"href":"https:\/\/www.medvetico.ch\/en\/wp-json\/wp\/v2\/users\/1"}],"replies":[{"embeddable":true,"href":"https:\/\/www.medvetico.ch\/en\/wp-json\/wp\/v2\/comments?post=1099"}],"version-history":[{"count":14,"href":"https:\/\/www.medvetico.ch\/en\/wp-json\/wp\/v2\/pages\/1099\/revisions"}],"predecessor-version":[{"id":1770,"href":"https:\/\/www.medvetico.ch\/en\/wp-json\/wp\/v2\/pages\/1099\/revisions\/1770"}],"wp:attachment":[{"href":"https:\/\/www.medvetico.ch\/en\/wp-json\/wp\/v2\/media?parent=1099"}],"curies":[{"name":"wp","href":"https:\/\/api.w.org\/{rel}","templated":true}]}}